{"id":220,"date":"2025-06-18T01:46:55","date_gmt":"2025-06-17T23:46:55","guid":{"rendered":"https:\/\/pruebas.vdeploy.net\/?page_id=220"},"modified":"2025-06-25T09:44:58","modified_gmt":"2025-06-25T07:44:58","slug":"aviso-legal","status":"publish","type":"page","link":"https:\/\/capeta-system.com\/index.php\/aviso-legal\/","title":{"rendered":"Aviso Legal"},"content":{"rendered":"\t\t<div data-elementor-type=\"wp-page\" data-elementor-id=\"220\" class=\"elementor elementor-220\" data-elementor-post-type=\"page\">\n\t\t\t\t<div class=\"elementor-element elementor-element-9d34d1d e-flex e-con-boxed e-con e-parent\" data-id=\"9d34d1d\" data-element_type=\"container\">\n\t\t\t\t\t<div class=\"e-con-inner\">\n\t\t\t\t<div class=\"elementor-element elementor-element-1c39782 exad-sticky-section-no exad-glass-effect-no elementor-widget elementor-widget-heading\" data-id=\"1c39782\" data-element_type=\"widget\" data-widget_type=\"heading.default\">\n\t\t\t\t<div class=\"elementor-widget-container\">\n\t\t\t\t\t<h2 class=\"elementor-heading-title elementor-size-default\">Aviso Legal<\/h2>\t\t\t\t<\/div>\n\t\t\t\t<\/div>\n\t\t\t\t<div class=\"elementor-element elementor-element-36f0064 e-transform e-transform exad-sticky-section-no exad-glass-effect-no elementor-widget elementor-widget-text-editor\" data-id=\"36f0064\" data-element_type=\"widget\" data-settings=\"{&quot;_transform_rotateZ_effect&quot;:{&quot;unit&quot;:&quot;px&quot;,&quot;size&quot;:&quot;&quot;,&quot;sizes&quot;:[]},&quot;_transform_rotateZ_effect_tablet&quot;:{&quot;unit&quot;:&quot;deg&quot;,&quot;size&quot;:&quot;&quot;,&quot;sizes&quot;:[]},&quot;_transform_rotateZ_effect_mobile&quot;:{&quot;unit&quot;:&quot;deg&quot;,&quot;size&quot;:&quot;&quot;,&quot;sizes&quot;:[]},&quot;_transform_scale_effect&quot;:{&quot;unit&quot;:&quot;px&quot;,&quot;size&quot;:&quot;&quot;,&quot;sizes&quot;:[]},&quot;_transform_scale_effect_tablet&quot;:{&quot;unit&quot;:&quot;px&quot;,&quot;size&quot;:&quot;&quot;,&quot;sizes&quot;:[]},&quot;_transform_scale_effect_mobile&quot;:{&quot;unit&quot;:&quot;px&quot;,&quot;size&quot;:&quot;&quot;,&quot;sizes&quot;:[]}}\" data-widget_type=\"text-editor.default\">\n\t\t\t\t<div class=\"elementor-widget-container\">\n\t\t\t\t\t\t\t\t\t<ol><li><p>INTRODUCCI\u00d3N<br \/>En cumplimiento de la Ley 34\/2002, de 11 de Julio, de Servicios de la Sociedad de la Informaci\u00f3n y del Comercio Electr\u00f3nico le comunicamos la siguiente informaci\u00f3n:<\/p><p>\u00a0<\/p><p><strong>Titular de este sitio<\/strong>: Jorge Gasc\u00f3n P\u00e9rez<br \/>C\/ Dr. Miguel Viv\u00f3, n\u00ba 22 de Xeresa (46790) Vcia.<br \/><strong>NIF<\/strong>: 20.019.509-X<br \/><strong>Tlf.<\/strong>: 962895383<br \/><strong>Email<\/strong>: wifi@carpeta-system.com<\/p><p>\u00a0<\/p><p>La utilizaci\u00f3n del contenido y\/o servicios del portal por parte del usuario supone la aceptaci\u00f3n expresa de las siguientes condiciones:<\/p><\/li><li><strong>CONDICIONES DE USO DEL PORTAL<\/strong><p>D. JORGE GASC\u00d3N P\u00c9REZ (en adelante\u00a0<strong>CAPET@-SYSTEM<\/strong>) se reserva el derecho de efectuar modificaciones en el contenido de este portal sin previo aviso, as\u00ed como de su configuraci\u00f3n y presentaci\u00f3n. Este portal puede contener enlaces a p\u00e1ginas externas, no siendo\u00a0<strong>CARPET@-SYSTEM<\/strong>\u00a0responsable del contenido de dichas p\u00e1ginas externas ni de cualquier otro aspecto relacionado con las mismas.<\/p><p>Los textos, im\u00e1genes, logotipos y resto de contenidos incluidos en este portal son propiedad de\u00a0<strong>CAPET@-SYSTEM.<\/strong>\u00a0Queda prohibida la transmisi\u00f3n, distribuci\u00f3n, reproducci\u00f3n o almacenamiento, total o parcial, excepto si se obtiene el previo consentimiento de\u00a0<strong>CAPET@-SYSTEM<\/strong>, y salvo cuando se indique lo contrario.<\/p><p>Para poder instalar o utilizar cualquier software que se encuentre disponible para su descarga desde este portal, deben aceptarse previamente los t\u00e9rminos del contrato de licencia, si lo hubiera, que acompa\u00f1e o se incluya en el software.\u00a0<strong>CAPET@-SYSTEM<\/strong>\u00a0no se hace responsable de los posibles da\u00f1os que se pudieran producir por el hecho de utilizar versiones no actualizadas de navegadores, o de las consecuencias que se pudieran derivar del mal funcionamiento del navegador, ya sea por configuraci\u00f3n inadecuada, presencia de virus inform\u00e1ticos o cualquier otra causa ajena a\u00a0<strong>CAPET@-SYSTEM<\/strong>.<\/p><\/li><li><strong>PROTECCI\u00d3N DE DATOS DE CAR\u00c1CTER PERSONAL<\/strong><p>En cumplimiento de la L.O. 15\/1999, de 13 de diciembre, de Protecci\u00f3n de Datos\u00a0<strong>CAPET@-SYSTEM<\/strong>\u00a0le informa que los datos de car\u00e1cter personal que nos proporcione al cumplimentar alg\u00fan formulario de inscripci\u00f3n, solicitud o consulta que aparezca en la presente Web, ser\u00e1n objeto de tratamiento y recogidos en un fichero de datos (denominado \u201cUSUARIOS WEB\u201d) cuyo responsable es\u00a0<strong>CAPET@-SYSTEM<\/strong>.<\/p><p>Para ejercer sus derechos de acceso, rectificaci\u00f3n, cancelaci\u00f3n y oposici\u00f3n al tratamiento de sus datos personales, en los t\u00e9rminos y condiciones previstos en la propia normativa vigente en materia de protecci\u00f3n de datos, puede comunicarlo por escrito a\u00a0<strong>CAPET@-SYSTEM<\/strong>, C\/ Dr. Miguel Viv\u00f3, n\u00ba 22 de Xeresa (46790) Vcia.<\/p><p>La recogida de sus datos de car\u00e1cter personal se lleva a cabo con la finalidad principal de poder ofrecer y prestarle los servicios ofrecidos en la presente web.<\/p><p><strong>CAPET@-SYSTEM<\/strong>\u00a0har\u00e1 uso de los datos de car\u00e1cter personal facilitados por usted exclusivamente para las finalidades indicadas.<\/p><p>No compartimos la informaci\u00f3n suministrada con terceros salvo exigencia legal o de procedimientos legales, y en ning\u00fan caso, vendemos este tipo de informaci\u00f3n.<\/p><p><strong>CAPET@-SYSTEM<\/strong>\u00a0le informa que tiene implantadas las medidas de seguridad de \u00edndole t\u00e9cnica y organizativas necesarias que garanticen la seguridad de sus datos de car\u00e1cter personal y eviten su alteraci\u00f3n, p\u00e9rdida, tratamiento y\/o acceso no autorizado, seg\u00fan lo dispuesto en el R.D. 1720\/2007, de 21 de diciembre, por el que se aprueba el Reglamento de desarrollo de la L.O. 15\/1999.<\/p><\/li><li><strong>LEGISLACI\u00d3N APLICABLE Y JURISPRUDENC\u00cdA<\/strong><p>Este Aviso Legal se rige en todos y cada uno de sus extremos por la ley espa\u00f1ola, siendo competentes para la resoluci\u00f3n de cualquier conflicto derivado o relacionado con el uso de este portal los Juzgados y Tribunales de Valencia.<\/p><\/li><li><strong>FORMAS DE PAGO<\/strong><p>El m\u00e9todo de pago disponible a trav\u00e9s del sitio web es \u00fanicamente el pago con Tarjeta de Cr\u00e9dito.<\/p><p>En el pago mediante tarjeta de cr\u00e9dito, se usar\u00e1 la pasarela de pago REDSYS con protocolo de seguridad HTTPS y las debidas normas de confidencialidad exigidas por la legislaci\u00f3n de protecci\u00f3n de datos personales. Los datos de tarjetas de cr\u00e9dito no ser\u00e1n usados para otra finalidad que el pago de pedido indicado.<\/p><p>\u00bfPor qu\u00e9 raz\u00f3n puede ser rechazada mi tarjeta de cr\u00e9dito?<\/p><p>La tarjeta puede estar caducada. Comprueba que tu tarjeta no exceda la fecha de validez.<\/p><p>Puede que se haya alcanzado el l\u00edmite de la tarjeta. Consulta con tu banco que la tarjeta no haya excedido el importe permitido para efectuar compras.<\/p><p>Puede que alg\u00fan dato introducido est\u00e9 incorrecto. Comprueba que hayas rellenado correctamente todos los campos necesarios.<\/p><p>\u00bfEs seguro usar mi tarjeta de cr\u00e9dito en la web?<\/p><p>S\u00ed, los datos se transmiten de forma encriptada SSL. El sistema de pago se realizar\u00e1 a trav\u00e9s de la pasarela de pago seguro REDSYS.<\/p><\/li><li><strong>OTRAS CONSIDERACIONES<\/strong><p>Que el titular de la tarjeta tiene conocimiento y acepta las condiciones establecidas por el comercio.<\/p><p>No existen m\u00e9todos de env\u00edo asociados a la compra del producto<\/p><p>El USUARIO WEB puede cancelar el PLAN contratado a trav\u00e9s de la web y de forma autom\u00e1tica siempre y cuando no tenga pagos pendientes. En este \u00faltimo caso, el USUARIO WEB deber\u00e1 ponerse en contacto con el propietario de la web (<strong>CAPET@-SYSTEM<\/strong>).<\/p><\/li><\/ol>\t\t\t\t\t\t\t\t<\/div>\n\t\t\t\t<\/div>\n\t\t\t\t\t<\/div>\n\t\t\t\t<\/div>\n\t\t\t\t<\/div>\n\t\t","protected":false},"excerpt":{"rendered":"<p>Aviso Legal INTRODUCCI\u00d3NEn cumplimiento de la Ley 34\/2002, de 11 de Julio, de Servicios de la Sociedad de la Informaci\u00f3n y del Comercio Electr\u00f3nico le comunicamos la siguiente informaci\u00f3n: \u00a0 Titular de este sitio: Jorge Gasc\u00f3n P\u00e9rezC\/ Dr. Miguel Viv\u00f3, n\u00ba 22 de Xeresa (46790) Vcia.NIF: 20.019.509-XTlf.: 962895383Email: wifi@carpeta-system.com \u00a0 La utilizaci\u00f3n del contenido y\/o [&hellip;]<\/p>\n","protected":false},"author":1,"featured_media":0,"parent":0,"menu_order":0,"comment_status":"closed","ping_status":"closed","template":"","meta":{"footnotes":""},"class_list":["post-220","page","type-page","status-publish","hentry"],"_links":{"self":[{"href":"https:\/\/capeta-system.com\/index.php\/wp-json\/wp\/v2\/pages\/220","targetHints":{"allow":["GET"]}}],"collection":[{"href":"https:\/\/capeta-system.com\/index.php\/wp-json\/wp\/v2\/pages"}],"about":[{"href":"https:\/\/capeta-system.com\/index.php\/wp-json\/wp\/v2\/types\/page"}],"author":[{"embeddable":true,"href":"https:\/\/capeta-system.com\/index.php\/wp-json\/wp\/v2\/users\/1"}],"replies":[{"embeddable":true,"href":"https:\/\/capeta-system.com\/index.php\/wp-json\/wp\/v2\/comments?post=220"}],"version-history":[{"count":10,"href":"https:\/\/capeta-system.com\/index.php\/wp-json\/wp\/v2\/pages\/220\/revisions"}],"predecessor-version":[{"id":771,"href":"https:\/\/capeta-system.com\/index.php\/wp-json\/wp\/v2\/pages\/220\/revisions\/771"}],"wp:attachment":[{"href":"https:\/\/capeta-system.com\/index.php\/wp-json\/wp\/v2\/media?parent=220"}],"curies":[{"name":"wp","href":"https:\/\/api.w.org\/{rel}","templated":true}]}}